{"id":75,"date":"2022-08-23T15:55:59","date_gmt":"2022-08-23T13:55:59","guid":{"rendered":"https:\/\/tsmauritanieservices.com\/?page_id=75"},"modified":"2022-08-23T18:20:55","modified_gmt":"2022-08-23T16:20:55","slug":"services","status":"publish","type":"page","link":"https:\/\/tsmauritanieservices.com\/index.php\/services\/","title":{"rendered":"NOS SERVICES"},"content":{"rendered":"\n<div class=\"wp-block-group ticss-3f8f9d96 is-content-justification-center is-nowrap is-layout-flex wp-container-core-group-is-layout-94bc23d7 wp-block-group-is-layout-flex\">\n<div id=\"wp-block-themeisle-blocks-font-awesome-icons-6513f25d\" class=\"wp-block-themeisle-blocks-font-awesome-icons\"><span class=\"wp-block-themeisle-blocks-font-awesome-icons-container\"><i class=\"fas fa-dolly\"><\/i><\/span><\/div>\n\n\n\n<h2 class=\"has-accent-color has-text-color has-large-font-size wp-block-heading\">SHIPCHANDLING<\/h2>\n<\/div>\n\n\n\n<hr class=\"wp-block-separator has-alpha-channel-opacity\"\/>\n\n\n\n<div class=\"wp-block-columns alignfull has-text-color has-background is-layout-flex wp-container-core-columns-is-layout-9d6595d7 wp-block-columns-is-layout-flex\" style=\"background-color:#ffffff;color:#000000\">\n<div class=\"wp-block-column is-layout-flow wp-block-column-is-layout-flow\">\n<h3 class=\"wp-block-heading\" style=\"font-size:24px;line-height:1.3\">Provisions<\/h3>\n\n\n\n<div id=\"wp-block-themeisle-blocks-font-awesome-icons-584a4bef\" class=\"wp-block-themeisle-blocks-font-awesome-icons\"><span class=\"wp-block-themeisle-blocks-font-awesome-icons-container\"><i class=\"fas fa-carrot\"><\/i><\/span><\/div>\n\n\n\n<p><\/p>\n<\/div>\n\n\n\n<div class=\"wp-block-column is-layout-flow wp-block-column-is-layout-flow\">\n<h3 class=\"wp-block-heading\" style=\"font-size:24px;line-height:1.3\">Produits Techniques<\/h3>\n\n\n\n<div id=\"wp-block-themeisle-blocks-font-awesome-icons-393d92ad\" class=\"wp-block-themeisle-blocks-font-awesome-icons\"><span class=\"wp-block-themeisle-blocks-font-awesome-icons-container\"><i class=\"fas fa-paint-roller\"><\/i><\/span><\/div>\n\n\n\n<p>(Pont et Machine : peinture, produits chimiques, \u00e9lectronique embarqu\u00e9e, gamme chimique, aussi\u00e8res, passerelle, outillage, etc.)<\/p>\n<\/div>\n\n\n\n<div class=\"wp-block-column is-layout-flow wp-block-column-is-layout-flow\">\n<h3 class=\"wp-block-heading\" style=\"font-size:24px;line-height:1.3\">Produits de S\u00e9curit\u00e9<\/h3>\n\n\n\n<div id=\"wp-block-themeisle-blocks-font-awesome-icons-d2675d5e\" class=\"wp-block-themeisle-blocks-font-awesome-icons\"><span class=\"wp-block-themeisle-blocks-font-awesome-icons-container\"><i class=\"fas fa-shield-alt\"><\/i><\/span><\/div>\n\n\n\n<p>(Pyrotechnie, radeaux de sauvetage, d\u00e9tecteur de gaz, EPI, protection incendie, etc.)<\/p>\n<\/div>\n<\/div>\n\n\n\n<div class=\"wp-block-group is-content-justification-center is-nowrap is-layout-flex wp-container-core-group-is-layout-94bc23d7 wp-block-group-is-layout-flex\">\n<div id=\"wp-block-themeisle-blocks-font-awesome-icons-3fd8e1e4\" class=\"wp-block-themeisle-blocks-font-awesome-icons\"><span class=\"wp-block-themeisle-blocks-font-awesome-icons-container\"><i class=\"fas fa-drafting-compass\"><\/i><\/span><\/div>\n\n\n\n<h2 class=\"has-accent-color has-text-color has-large-font-size wp-block-heading\">SERVICES CONNEXES<\/h2>\n<\/div>\n\n\n\n<hr class=\"wp-block-separator has-alpha-channel-opacity\"\/>\n\n\n\n<div class=\"wp-block-columns alignfull has-text-color has-background is-layout-flex wp-container-core-columns-is-layout-9d6595d7 wp-block-columns-is-layout-flex\" style=\"background-color:#ffffff;color:#000000\">\n<div class=\"wp-block-column is-layout-flow wp-block-column-is-layout-flow\">\n<h3 class=\"wp-block-heading\" style=\"font-size:24px;line-height:1.3\">Launch Boat<\/h3>\n\n\n\n<div id=\"wp-block-themeisle-blocks-font-awesome-icons-ec789811\" class=\"wp-block-themeisle-blocks-font-awesome-icons\"><span class=\"wp-block-themeisle-blocks-font-awesome-icons-container\"><i class=\"fas fa-ship\"><\/i><\/span><\/div>\n\n\n\n<p>(Livraison, transport de marchandises, transport de personnel, etc.)<\/p>\n<\/div>\n\n\n\n<div class=\"wp-block-column is-layout-flow wp-block-column-is-layout-flow\">\n<h3 class=\"wp-block-heading\" style=\"font-size:24px;line-height:1.3\">Inspection et Certification<\/h3>\n\n\n\n<div id=\"wp-block-themeisle-blocks-font-awesome-icons-248dc1a9\" class=\"wp-block-themeisle-blocks-font-awesome-icons\"><span class=\"wp-block-themeisle-blocks-font-awesome-icons-container\"><i class=\"fas fa-tools\"><\/i><\/span><\/div>\n\n\n\n<p>(Radeaux, \u00e9lectronique embarqu\u00e9e, calibration des d\u00e9tecteurs de gaz, protection incendie, etc.)<\/p>\n<\/div>\n\n\n\n<div class=\"wp-block-column is-layout-flow wp-block-column-is-layout-flow\">\n<h3 class=\"wp-block-heading\" style=\"font-size:24px;line-height:1.3\">Travaux sous-marins<\/h3>\n\n\n\n<div id=\"wp-block-themeisle-blocks-font-awesome-icons-8495bf9d\" class=\"wp-block-themeisle-blocks-font-awesome-icons\"><span class=\"wp-block-themeisle-blocks-font-awesome-icons-container\"><i class=\"fas fa-anchor\"><\/i><\/span><\/div>\n\n\n\n<p>(Inspection de coque, nettoyage de coque, etc.)<\/p>\n<\/div>\n<\/div>\n\n\n\n<div class=\"wp-block-columns alignfull has-text-color has-background is-layout-flex wp-container-core-columns-is-layout-9d6595d7 wp-block-columns-is-layout-flex\" style=\"background-color:#ffffff;color:#000000\">\n<div class=\"wp-block-column is-layout-flow wp-block-column-is-layout-flow\">\n<h3 class=\"wp-block-heading\" style=\"font-size:24px;line-height:1.3\">Traitement des d\u00e9chets<\/h3>\n\n\n\n<div id=\"wp-block-themeisle-blocks-font-awesome-icons-584a4bef\" class=\"wp-block-themeisle-blocks-font-awesome-icons\"><span class=\"wp-block-themeisle-blocks-font-awesome-icons-container\"><i class=\"fas fa-recycle\"><\/i><\/span><\/div>\n\n\n\n<p>( Huiles usag\u00e9es, poubelles, etc. )<\/p>\n<\/div>\n\n\n\n<div class=\"wp-block-column is-layout-flow wp-block-column-is-layout-flow\">\n<h3 class=\"wp-block-heading\" style=\"font-size:24px;line-height:1.3\">Freight forwarding<\/h3>\n\n\n\n<div id=\"wp-block-themeisle-blocks-font-awesome-icons-393d92ad\" class=\"wp-block-themeisle-blocks-font-awesome-icons\"><span class=\"wp-block-themeisle-blocks-font-awesome-icons-container\"><i class=\"fas fa-dolly-flatbed\"><\/i><\/span><\/div>\n\n\n\n<p>(Pi\u00e8ces de rechange&#8230;)<\/p>\n<\/div>\n\n\n\n<div class=\"wp-block-column is-layout-flow wp-block-column-is-layout-flow\">\n<h3 class=\"wp-block-heading\" style=\"font-size:24px;line-height:1.3\">Mise \u00e0 disposition de container<\/h3>\n\n\n\n<div id=\"wp-block-themeisle-blocks-font-awesome-icons-d2675d5e\" class=\"wp-block-themeisle-blocks-font-awesome-icons\"><span class=\"wp-block-themeisle-blocks-font-awesome-icons-container\"><i class=\"fas fa-box\"><\/i><\/span><\/div>\n\n\n\n<p>(Offshore: Dry et Reefer)<\/p>\n<\/div>\n<\/div>\n\n\n\n<div class=\"wp-block-group is-content-justification-center is-nowrap is-layout-flex wp-container-core-group-is-layout-94bc23d7 wp-block-group-is-layout-flex\">\n<div id=\"wp-block-themeisle-blocks-font-awesome-icons-daecca4e\" class=\"wp-block-themeisle-blocks-font-awesome-icons\"><span class=\"wp-block-themeisle-blocks-font-awesome-icons-container\"><i class=\"fab fa-black-tie\"><\/i><\/span><\/div>\n\n\n\n<h2 class=\"has-accent-color has-text-color has-large-font-size wp-block-heading\">SHIP AGENCY<\/h2>\n<\/div>\n\n\n\n<hr class=\"wp-block-separator has-alpha-channel-opacity\"\/>\n\n\n\n<div class=\"wp-block-columns alignfull has-text-color has-background is-layout-flex wp-container-core-columns-is-layout-9d6595d7 wp-block-columns-is-layout-flex\" style=\"background-color:#ffffff;color:#000000\">\n<div class=\"wp-block-column is-layout-flow wp-block-column-is-layout-flow\">\n<h3 class=\"wp-block-heading\" style=\"font-size:24px;line-height:1.3\">Mise \u00e0 disposition de personnel<\/h3>\n\n\n\n<div id=\"wp-block-themeisle-blocks-font-awesome-icons-b669e771\" class=\"wp-block-themeisle-blocks-font-awesome-icons\"><span class=\"wp-block-themeisle-blocks-font-awesome-icons-container\"><i class=\"fas fa-users\"><\/i><\/span><\/div>\n\n\n\n<p>( Huiles usag\u00e9es, poubelles, etc. )<\/p>\n<\/div>\n\n\n\n<div class=\"wp-block-column is-layout-flow wp-block-column-is-layout-flow\">\n<h3 class=\"wp-block-heading\" style=\"font-size:24px;line-height:1.3\">R\u00e9servation d&#8217;avion, H\u00f4tel, Accueil VIP<\/h3>\n\n\n\n<div id=\"wp-block-themeisle-blocks-font-awesome-icons-f8c9b795\" class=\"wp-block-themeisle-blocks-font-awesome-icons\"><span class=\"wp-block-themeisle-blocks-font-awesome-icons-container\"><i class=\"fas fa-calendar-check\"><\/i><\/span><\/div>\n\n\n\n<p>(Pi\u00e8ces de rechange&#8230;)<\/p>\n<\/div>\n\n\n\n<div class=\"wp-block-column is-layout-flow wp-block-column-is-layout-flow\">\n<h3 class=\"wp-block-heading\" style=\"font-size:24px;line-height:1.3\">Gestion des formalit\u00e9s administratives<\/h3>\n\n\n\n<div id=\"wp-block-themeisle-blocks-font-awesome-icons-285bf99e\" class=\"wp-block-themeisle-blocks-font-awesome-icons\"><span class=\"wp-block-themeisle-blocks-font-awesome-icons-container\"><i class=\"fas fa-folder-open\"><\/i><\/span><\/div>\n\n\n\n<p>(Offshore: Dry et Reefer)<\/p>\n<\/div>\n<\/div>\n\n\n\n<div class=\"wp-block-cover is-light\"><span aria-hidden=\"true\" class=\"wp-block-cover__background has-background-dim\"><\/span><img loading=\"lazy\" decoding=\"async\" width=\"2560\" height=\"1705\" class=\"wp-block-cover__image-background wp-image-46\" alt=\"\" src=\"https:\/\/tsmauritanieservices.com\/wp-content\/uploads\/2022\/08\/aerial-view-container-cargo-ship-sea-scaled.jpg\" data-object-fit=\"cover\" srcset=\"https:\/\/tsmauritanieservices.com\/wp-content\/uploads\/2022\/08\/aerial-view-container-cargo-ship-sea-scaled.jpg 2560w, https:\/\/tsmauritanieservices.com\/wp-content\/uploads\/2022\/08\/aerial-view-container-cargo-ship-sea-300x200.jpg 300w, https:\/\/tsmauritanieservices.com\/wp-content\/uploads\/2022\/08\/aerial-view-container-cargo-ship-sea-1024x682.jpg 1024w, https:\/\/tsmauritanieservices.com\/wp-content\/uploads\/2022\/08\/aerial-view-container-cargo-ship-sea-768x512.jpg 768w, https:\/\/tsmauritanieservices.com\/wp-content\/uploads\/2022\/08\/aerial-view-container-cargo-ship-sea-1536x1023.jpg 1536w, https:\/\/tsmauritanieservices.com\/wp-content\/uploads\/2022\/08\/aerial-view-container-cargo-ship-sea-2048x1364.jpg 2048w, https:\/\/tsmauritanieservices.com\/wp-content\/uploads\/2022\/08\/aerial-view-container-cargo-ship-sea-360x240.jpg 360w\" sizes=\"auto, (max-width: 2560px) 100vw, 2560px\" \/><div class=\"wp-block-cover__inner-container is-layout-flow wp-block-cover-is-layout-flow\">\n<p class=\"has-text-align-center has-white-color has-text-color has-large-font-size\">NOTRE PRESENCE<\/p>\n<\/div><\/div>\n","protected":false},"excerpt":{"rendered":"<p>SHIPCHANDLING Provisions Produits Techniques (Pont et Machine : peinture, produits chimiques, \u00e9lectronique embarqu\u00e9e, gamme chimique, aussi\u00e8res, passerelle, outillage, etc.) Produits de S\u00e9curit\u00e9 (Pyrotechnie, radeaux de sauvetage, d\u00e9tecteur de gaz, EPI, protection incendie, etc.) SERVICES CONNEXES Launch Boat (Livraison, transport de marchandises, transport de personnel, etc.) Inspection et Certification (Radeaux, \u00e9lectronique [&hellip;]<\/p>\n","protected":false},"author":1,"featured_media":0,"parent":0,"menu_order":0,"comment_status":"closed","ping_status":"closed","template":"page-templates\/template-fullwidth.php","meta":{"_themeisle_gutenberg_block_has_review":false,"footnotes":""},"class_list":["post-75","page","type-page","status-publish","hentry"],"_links":{"self":[{"href":"https:\/\/tsmauritanieservices.com\/index.php\/wp-json\/wp\/v2\/pages\/75","targetHints":{"allow":["GET"]}}],"collection":[{"href":"https:\/\/tsmauritanieservices.com\/index.php\/wp-json\/wp\/v2\/pages"}],"about":[{"href":"https:\/\/tsmauritanieservices.com\/index.php\/wp-json\/wp\/v2\/types\/page"}],"author":[{"embeddable":true,"href":"https:\/\/tsmauritanieservices.com\/index.php\/wp-json\/wp\/v2\/users\/1"}],"replies":[{"embeddable":true,"href":"https:\/\/tsmauritanieservices.com\/index.php\/wp-json\/wp\/v2\/comments?post=75"}],"version-history":[{"count":24,"href":"https:\/\/tsmauritanieservices.com\/index.php\/wp-json\/wp\/v2\/pages\/75\/revisions"}],"predecessor-version":[{"id":110,"href":"https:\/\/tsmauritanieservices.com\/index.php\/wp-json\/wp\/v2\/pages\/75\/revisions\/110"}],"wp:attachment":[{"href":"https:\/\/tsmauritanieservices.com\/index.php\/wp-json\/wp\/v2\/media?parent=75"}],"curies":[{"name":"wp","href":"https:\/\/api.w.org\/{rel}","templated":true}]}}